{"id":97,"date":"2016-02-05T16:23:10","date_gmt":"2016-02-05T16:23:10","guid":{"rendered":"http:\/\/theunder.org\/real\/?page_id=97"},"modified":"2016-02-05T16:27:02","modified_gmt":"2016-02-05T16:27:02","slug":"djs-residentes","status":"publish","type":"page","link":"http:\/\/theunder.org\/real\/djs-residentes\/","title":{"rendered":"DJ&#8217;s Residentes"},"content":{"rendered":"<p style=\"text-align: center;\"><img loading=\"lazy\" decoding=\"async\" class=\"alignnone size-medium wp-image-98\" src=\"http:\/\/theunder.org\/real\/wp-content\/uploads\/2016\/02\/gigolelo-289x300.jpg\" alt=\"gigolelo\" width=\"289\" height=\"300\" srcset=\"http:\/\/theunder.org\/real\/wp-content\/uploads\/2016\/02\/gigolelo-289x300.jpg 289w, http:\/\/theunder.org\/real\/wp-content\/uploads\/2016\/02\/gigolelo-481x500.jpg 481w, http:\/\/theunder.org\/real\/wp-content\/uploads\/2016\/02\/gigolelo.jpg 693w\" sizes=\"auto, (max-width: 289px) 100vw, 289px\" \/><\/p>\n<p style=\"text-align: center;\"><strong>HERMAN MUNSTER<\/strong><\/p>\n<p>\u00bfQui\u00e9n es este horrendo ser?<br \/>\nQuien conoce a este extra\u00f1o ser tiene por seguro que sus caracter\u00edsticas mas notables son el horror y el humor; tras un monstruoso rostro late un coraz\u00f3n que, aunque revivido, se muestra siempre gentil, caballeroso, correcto y hasta cari\u00f1oso, emplear\u00e1 fuerza cuando esta sea necesaria, pero esta tambi\u00e9n siempre dispuesto a re\u00edr ampliamente de las cosas mas simples, como todo buen personaje, despu\u00e9s vendr\u00edan las imitaciones y los refritos, pero tambi\u00e9n es el caso que solo el original conseguir\u00eda ganarse la simpat\u00eda y el coraz\u00f3n de los espectadores, temerosamente adorable, no dejes de visitarle en su residencia: El Under<br \/>\nEn el 89, siendo casi un joven de secundaria de malas calificaciones, su hermana le llevar\u00eda a una \u00abtocada\u00bb, esa ser\u00eda la primer vez que ver\u00eda con ojos propios una parte de lo que es el universo UNDERground, la bienvenida a ello: el memorable concierto de La Polla Records.<br \/>\nSer\u00eda en el 94 despu\u00e9s de algunos a\u00f1os ya de recolectar m\u00fasica, principalmente punk y gothic, cuando estaban a\u00fan alejados del mundo del Internet y en nuestra ciudad era muy dif\u00edcil conseguir alg\u00fan vinil, cuando ten\u00edas que regrabar alg\u00fan cassette de alguno ya regrabado m\u00faltiples ocasiones, ser\u00eda entonces cuando este horrendo ser har\u00eda su primera aparici\u00f3n como DJ, desde ese entonces su participaci\u00f3n activa en diversas escenas Under pr\u00e1cticamente no ha tenido descanso, no \u00fanicamente como DJ&#8230;<br \/>\nOrganizador:<br \/>\nParticipante en el colectivo Resistencia Subterr\u00e1nea, el cual realiz\u00f3 en pocos a\u00f1os decenas de actividades culturales muchas de ellas gratuitas y al aire libre, tales como performances, exposiciones de pintura y arte objeto, lectura de poes\u00edas y cuentos, fiestas y conciertos, c\u00edrculos de estudio, adem\u00e1s de realizar la publicaci\u00f3n del fanzine con el mismo nombre, participante en el Fanzine El Guff. Performancero en Producciones Arc\u00e1ngel, mas tarde instructor en le Taller de acrobacia en T.A.M Arc\u00e1ngel, conferencista en ENEP Acatlan, Prepa 5, Primer encuetro del genero G\u00f3tico Oscuro en Puebla, Aguas Calientes, y varios etc<br \/>\nM\u00fasico:<br \/>\nBaterista de la bandas punks Zenza Patria, despu\u00e9s Lucha Aut\u00f3noma y Total Chakalismo, quienes han tocado repetidas ocasiones en varios estados de nuestra republica, Vocal y gutarrista en Las Musas Siniestras (Dark Goth), baterista y guitarrista en Provos (elektro, goth, punk), adem\u00e1s de la participaci\u00f3n como baterista en la gira por M\u00e9xico de las bandas Sopa de Garr\u00f3n y Terror y Miseria de Argentina (punk), vocal y guitarrista en eventos especiales con Gioeridia (goth), gritante y performancero en la banda Joyhaus que rinde homenaje a Bauhaus y Joy Division.<br \/>\nProductor:<br \/>\nCo fundador de la productora Walpurgis Nacht, que mas tarde se convertir\u00eda en The Bat Cave Club, quienes son responsables de los eventos mas atractivos e importantes a nivel local, tales como Viva Glam, Baile De Mascaras, Bat Cave &amp; Death Rock Resurrection, Festival De La Gente Loka, etc, coordinador en el antiguo Underground de Donceles y actualmente coordinador en El Real Under.<\/p>\n<p>Incansable Dj con principales influencias del punk y goth ochenteros, pero que en su recorrido se ha enriquecido con un sin fin de g\u00e9neros y sub g\u00e9neros tales como death rock, industrial, ethereal, post punk, dark wave, hard core, rock a billy, muster surf, ebm, medieval, synth pop, rock combativo, j rock, ska, horror punk, psycho billy, new romantic, new wave, new beat, alternativo, por supuesto: los cl\u00e1sicos el pop ochentero, cualquiera de estos g\u00e9neros, o todos ellos se le puede escuchar mezclar en una noche. Si bien en un principio fue influenciado por los DJ\u00b4s undergrounds con mas trayectoria, poco a poco ir\u00eda dando un toque personalizado a sus sets, introduciendo temas que poco a poco se convertir\u00edan en cl\u00e1sicos infaltables de las fiestas lokales.<br \/>\nActualmente tambien instructor del grupo mas importante de Artes Marciales Mixtas de M\u00e9xico: Bonebreakers.<\/p>\n<p>Brinca! Grita! Baila! Horror\u00edzate y no le pierdas la pista.<\/p>\n<p style=\"text-align: center;\">*************************************************<\/p>\n<p style=\"text-align: center;\"><img loading=\"lazy\" decoding=\"async\" class=\"alignnone size-full wp-image-99\" src=\"http:\/\/theunder.org\/real\/wp-content\/uploads\/2016\/02\/dmt-berzerk-2.jpg\" alt=\"dmt berzerk 2\" width=\"250\" height=\"267\" \/><\/p>\n<p style=\"text-align: center;\"><strong>DMT BERZERK<\/strong><\/p>\n<p>Todo comenz\u00f3 en una tarde de verano cuando escuch\u00e9 por primera vez aquellos versos que me dec\u00edan algo as\u00ed como:<\/p>\n<p>\u201cliving and dying, laughning and crying<\/p>\n<p>once you have seen it you will never feel the same<\/p>\n<p>life in the fast lane is just how it seems<\/p>\n<p>hard and is it heavy dirty and mean\u201d<\/p>\n<p>Esos coros y esas fuertes melod\u00edas si que cambiaron por completo mi vida y me dieron la pauta para continuar por este camino.<\/p>\n<p>Ponte a pensar todo lo que llegas a aprender de la m\u00fasica y te dar\u00e1s cuenta que te influye fuertemente para creer en algo o simplemente para conocer aquello que no sab\u00edas ni siquiera de su existencia.<\/p>\n<p>Hay quienes viven de ella as\u00ed como hay quienes viven por ella; unos la usan como entretenimiento y otros como un arma; Algunos s\u00f3lo la escuchan y muchos otros incluso la sienten. La m\u00fasica nos hace amar y odiar as\u00ed como crear y destruir, nos hace listos o tontos as\u00ed como nos puede unir o distanciar a\u00fan m\u00e1s\u2026<\/p>\n<p>Hablando de cine puedo recordar con facilidad un filme en especial; es curioso como me impact\u00f3 el ver aquel viejo filme donde la joven Barbara es devorada viva por su propio hermano sin siquiera saber por qu\u00e9, recordando de inmediato aquel tema, ya cl\u00e1sico para m\u00ed, que dec\u00eda:<\/p>\n<p>\u201cyou think you\u2019re a zombie<\/p>\n<p>you think it\u2019s a scene<\/p>\n<p>from some monster magazine<\/p>\n<p>well, open your eyes too late<\/p>\n<p>this ain\u2019t no fantasy<\/p>\n<p>this ain\u2019t no love-in<\/p>\n<p>this ain\u2019t no happening<\/p>\n<p>this ain\u2019t no feeling in my arm\u201d<\/p>\n<p>Aquello si que me inspir\u00f3 y adem\u00e1s me ense\u00f1\u00f3 una valiosa lecci\u00f3n:<br \/>\nHay veces que la vida suele ser cruel e injusta pero todo se arregla con un poco de humor.<\/p>\n<p>\u00bfRecuerdas a Lawrence Talbot, aquel que, al ser considerado demente por sus supersticiones, asesin\u00f3 a su amada Gwen Conliffe? Yo s\u00ed, son de esas cosas que se te quedan grabadas por el resto de tu vida y m\u00e1s a\u00fan cuando miras los Ac\u00f3nitos iluminados por la luna de oto\u00f1o\u2026<\/p>\n<p>Es curioso a donde te lleva el amor \u00bfno?, hay quienes pueden matar por tenerlo o incluso hasta matarse por no tenerlo, otros s\u00f3lo se sientan a esperarlo y unos mas nunca lo buscan. El joven Lionel, reprimido por su sobreprotectora madre, no pod\u00eda ver a su novia Paquita, finalmente decidi\u00f3 acabar con la vida de su madre para poder estar a lado de su amada. Es a lo que me refiero\u2026<\/p>\n<p>Mientras la vida segu\u00eda, me daba cuenta de muchos detalles que son dif\u00edciles de describir. Todo estaba girando en un remolino que, hoy en d\u00eda, sigue creciendo. Es como un c\u00edrculo vicioso al cual la sociedad pertenece, o m\u00e1s bien el cual da origen y sentido a la sociedad misma. Esto me recuerda mucho un tema que dice algo as\u00ed como:<\/p>\n<p>\u201ccome close, step inside<\/p>\n<p>radiance from a dying world<\/p>\n<p>contagious and careless<\/p>\n<p>you\u2019re spreading your disease among us<\/p>\n<p>white noise in your ears<\/p>\n<p>your eyes look like monitors<\/p>\n<p>but what you need is silence<\/p>\n<p>and a positive vibe<\/p>\n<p>NOT YOUR TV!\u201d<\/p>\n<p>Y as\u00ed aprend\u00ed otra valiosa lecci\u00f3n:<br \/>\nLa vida no es como te la pintan, mejor tu pintala como gustes y te ahorraras muchos problemas.<\/p>\n<p>Y as\u00ed es como llegue a ser Dj mejor conocido como DMT Berzerk. Hablando de m\u00ed puedo decir que soy un chico sencillo nada m\u00e1s y que en mi trayectoria he aprendido a aguantar el silencio que me devora y a gritar sin m\u00e1s remedio. Necesito el ruido para vivir, soy adicto al decibelio. Se convierte todo en una obsesi\u00f3n intentando combatir el horror de aquel silencio, de aquel infierno\u2026<\/p>\n<p>\u00bfQu\u00e9 es lo que programo?<\/p>\n<p>M\u00fasica Sint\u00e9tica Subterr\u00e1nea (en su mayor\u00eda)<\/p>\n<p>\u00bfQu\u00e9 es lo que espero?<\/p>\n<p>\u201cAuto publicidad, y que bien se me da<\/p>\n<p>Hablar solo de mi, oh que felicidad<\/p>\n<p>La fama llegara, espera y veras<\/p>\n<p>No dejare pasar ni un solo d\u00eda m\u00e1s<\/p>\n<p>Famoso he de ser<\/p>\n<p>Y me da igual por que\u2026<\/p>\n<p>Te juro que yo no voy a parar ni a abandonar<\/p>\n<p>Mi vida entera voy a malgastar<\/p>\n<p>Yo he de conseguir que el mundo entero sepa quien soy yo\u201d<\/p>\n<p style=\"text-align: center;\">************************************************<\/p>\n<p style=\"text-align: center;\"><img loading=\"lazy\" decoding=\"async\" class=\"alignnone size-medium wp-image-100\" src=\"http:\/\/theunder.org\/real\/wp-content\/uploads\/2016\/02\/xl2c-300x225.jpg\" alt=\"xl2c\" width=\"300\" height=\"225\" srcset=\"http:\/\/theunder.org\/real\/wp-content\/uploads\/2016\/02\/xl2c-300x225.jpg 300w, http:\/\/theunder.org\/real\/wp-content\/uploads\/2016\/02\/xl2c-768x576.jpg 768w, http:\/\/theunder.org\/real\/wp-content\/uploads\/2016\/02\/xl2c-1024x768.jpg 1024w, http:\/\/theunder.org\/real\/wp-content\/uploads\/2016\/02\/xl2c-175x131.jpg 175w, http:\/\/theunder.org\/real\/wp-content\/uploads\/2016\/02\/xl2c-667x500.jpg 667w, http:\/\/theunder.org\/real\/wp-content\/uploads\/2016\/02\/xl2c.jpg 1600w\" sizes=\"auto, (max-width: 300px) 100vw, 300px\" \/><\/p>\n<p style=\"text-align: center;\"><strong>XL2C<\/strong><\/p>\n<p>\u201cLa m\u00fasica simplemente hay que sentirla y disfrutarla\u201d<\/p>\n<p>Juan Jos\u00e9 Vera Madrigal aka Dj XL2C, comenz\u00f3 su trayectoria dentro de la escena electr\u00f3nica mexicana escuchando electronic body music (EBM) all\u00e1 por el a\u00f1o 1989, cuando la escena del New Beat en M\u00e9xico empezaba a darse a conocer. Grupos como Bigod 20, Leather Strip, Robotiko Rejekto entre otros dominaban la escena electr\u00f3nica europea en esos a\u00f1os en Europa. As\u00ed entr\u00f3 al m\u00e1gico mundo de la m\u00fasica electr\u00f3nica.<\/p>\n<p>Despu\u00e9s de 1993, empez\u00f3 a ser participe como publico participante de las primeras fiestas de m\u00fasica electr\u00f3nica que se empezaban a realizar en la Ciudad de M\u00e9xico como fiestas caseras, eran los comienzos de los raves mexicanos. Asisti\u00f3 a los principales raves de ese entonces como los llamados Bleep, Aceite, los realizados en el Poliforum Cultural Siqueiros, Equinoccio 1 y 2, Ecosistema 1.0 y 2.0, Uni\u00f3n Fest 1, 2 y 3, Future Groove, Plastic Nation, S.O.S. (que se organiz\u00f3 en el Patrick Miller), Epicure, Acid City (Cine Opera), Psonic Science (Foro Sol), Contacto 2001, entre muchos otros.<\/p>\n<p>Empez\u00f3 hacer sus primeros pasos como Dj hace aproximadamente 8 a\u00f1os gracias a sus amigos, pues desde que se empez\u00f3 a internar al gran mundo de la m\u00fasica electr\u00f3nica, su colecci\u00f3n de acetatos y cd\u2019s empez\u00f3 a crecer considerablemente, pues las tiendas de discos importantes del D.F. (Mixup y Tower Records) empezaron a traer a M\u00e9xico muy buen material de m\u00fasica electr\u00f3nica en todos sus g\u00e9neros, desde Ambient, pasando por el Electronic Body Music, Trance, Acid, Progressive, Psychedelic Trance, hasta los beat duros del Techno Hardcore, los amigos lo impulsaron y empez\u00f3 a tocar en fiestas privadas, teniendo aceptaci\u00f3n por parte del publico asistente.<\/p>\n<p>As\u00ed llego la invitaci\u00f3n de mezclar Psychedelic Trance en un evento de Dj Katana obteniendo buena respuesta del p\u00fablico.<\/p>\n<p>Miembro del Colectivo llamado Techno Club M\u00e9xico y de Producciones Anti-Fama, ha mixeado en los clubs Dada X, UTA Underground, Tacuba 81, El Ghetto, The Real Under, Fahrenheit, Artos Indios, Omce, Hotel Virreyes, Patrick Miller (como dj invitado), Bar Alfonso, Bar Madero, El Relicario, Cr\u00eda Cuervos, El Jolgorio, K-Ziz Dance Hall (Puebla), La Hacienda de Don Porfirio (Puebla), AllendeRed, Mezclando: Techno Hardcore (Hardcore, Speedcore, Industrial, Main), EBM, Industrial, Synth Pop, Future Pop, New Beat, High Energy, Psychedelic Trance.<\/p>\n<p>Ha participado en los eventos: Sonica Masiva, Underground City, Retrospectiva Atari Teenage Riot, Expo Techno, Actos Extremos 2 y 3, Xtreme Nightmare (colectivo Gabbermex), Kikin\u2019 Hard (Colectivo Gabbermex), DJ FEST 07, Ying Yang, Rugidos de Fabricas, Dopamina, Posada Fiesta Elektro, Extreme Terror Party, Hermandad, 80\u2019s, Ruta Posible, Black &amp; White, Epicentro Industrial, Hihg<\/p>\n<p>Tech Music Night, DarkTech, Viva Glam, Baile de Mascaras 2009 y 2010, entre otros m\u00e1s.<\/p>\n<p>Organizador de las fiestas: The Night Of Hardcore, Dark Experiment (2005), Laboratorio Sonoro Radio y de los 3 maratones de m\u00e1s 24 horas de djs de la escena electr\u00f3nica underground del Distrito Federal que se realizan anualmente.<\/p>\n<p>Ha participado en las fiestas de Terrorfakt, End: The DJ, Noisex, Fractional, Aliens Vampires, C-Lekktor,<\/p>\n<p>Junto con DJane Celina ha hecho posible el traer a M\u00e9xico a DJ MC Loud (Francia) en el evento Welcome to The Hell en enero de 2008 y a uno de los proyectos m\u00e1s importantes de Europa de la escena speedcore Frazzbass en el evento Terror Mexica en enero de 2009, siendo una de las fiestas m\u00e1s importantes de la escena tehcno hardcore en M\u00e9xico.<\/p>\n<p>Desde hace 5 a\u00f1os y actualmente lleva la conducci\u00f3n del programa Espiral Electr\u00f3nico en donde se programa todo tipo de m\u00fasica electr\u00f3nica, desde ambient hasta speedcore, los martes a partir de las 8 pm, primero en la estaci\u00f3n virtual de Radio ElectroTop y ahora en Laboratorio Sonoro Radio (actualmente administrador). Checa la pagina en estas direcciones: www.laboratoriosonororadio.net y www.livestream.com\/labson .<\/p>\n<p>Paginas de contacto:<\/p>\n<p>cyberxl2@hotmail.com www.myspace.com\/djxl2c<\/p>\n<p>Facebook: Juan Jos\u00e9 Vera Madrigal<\/p>\n<p>Twitter: djxl2c<\/p>\n","protected":false},"excerpt":{"rendered":"<p>HERMAN MUNSTER \u00bfQui\u00e9n es este horrendo ser? Quien conoce a este extra\u00f1o ser tiene por seguro que sus caracter\u00edsticas mas notables son el horror y el humor; tras un monstruoso <a href=\"http:\/\/theunder.org\/real\/djs-residentes\/\" class=\"more-link\">[&hellip;]<\/a><\/p>\n","protected":false},"author":2,"featured_media":0,"parent":0,"menu_order":3,"comment_status":"closed","ping_status":"closed","template":"","meta":{"Layout":"","footnotes":""},"class_list":["entry","author-lola","post-97","page","type-page","status-publish"],"_links":{"self":[{"href":"http:\/\/theunder.org\/real\/wp-json\/wp\/v2\/pages\/97","targetHints":{"allow":["GET"]}}],"collection":[{"href":"http:\/\/theunder.org\/real\/wp-json\/wp\/v2\/pages"}],"about":[{"href":"http:\/\/theunder.org\/real\/wp-json\/wp\/v2\/types\/page"}],"author":[{"embeddable":true,"href":"http:\/\/theunder.org\/real\/wp-json\/wp\/v2\/users\/2"}],"replies":[{"embeddable":true,"href":"http:\/\/theunder.org\/real\/wp-json\/wp\/v2\/comments?post=97"}],"version-history":[{"count":2,"href":"http:\/\/theunder.org\/real\/wp-json\/wp\/v2\/pages\/97\/revisions"}],"predecessor-version":[{"id":104,"href":"http:\/\/theunder.org\/real\/wp-json\/wp\/v2\/pages\/97\/revisions\/104"}],"wp:attachment":[{"href":"http:\/\/theunder.org\/real\/wp-json\/wp\/v2\/media?parent=97"}],"curies":[{"name":"wp","href":"https:\/\/api.w.org\/{rel}","templated":true}]}}