{"id":89,"date":"2016-02-05T16:15:33","date_gmt":"2016-02-05T16:15:33","guid":{"rendered":"http:\/\/theunder.org\/real\/?page_id=89"},"modified":"2016-02-05T16:27:41","modified_gmt":"2016-02-05T16:27:41","slug":"djs-invitados","status":"publish","type":"page","link":"http:\/\/theunder.org\/real\/djs-invitados\/","title":{"rendered":"DJ&#8217;s Invitados"},"content":{"rendered":"<p style=\"text-align: center;\"><img loading=\"lazy\" decoding=\"async\" class=\"alignnone size-medium wp-image-91\" src=\"http:\/\/theunder.org\/real\/wp-content\/uploads\/2016\/02\/christian-fiend-300x210.jpg\" alt=\"christian fiend\" width=\"300\" height=\"210\" srcset=\"http:\/\/theunder.org\/real\/wp-content\/uploads\/2016\/02\/christian-fiend-300x210.jpg 300w, http:\/\/theunder.org\/real\/wp-content\/uploads\/2016\/02\/christian-fiend.jpg 613w\" sizes=\"auto, (max-width: 300px) 100vw, 300px\" \/><\/p>\n<p style=\"text-align: center;\"><strong>CHRISTIAN FIEND<\/strong><\/p>\n<p>La historia comienza hace aproximadamente en el 2003&#8230;<\/p>\n<p>&#8230;La escena underground estaba en un apogeo glorioso, apenas un par de a\u00f1os atr\u00e1s, espacios como el extinto underground donceles 80 comenzaban a darse a conocer, por aquellas fechas aun era una tradici\u00f3n realizar fiestas underground en casas de amigos, o en cualquier lugar donde se pudiera pasar una buena noche en compa\u00f1\u00eda de la banda y escuchando buena m\u00fasica, fue en ese tipo de fiestas donde comenz\u00f3 la inquietud por ambientar las fiestas con los sonidos de bandas cl\u00e1sicas de la escena, al principio poner m\u00fasica era un hobbie que realizaba utilizando un par de discman, un est\u00e9reo y si se pod\u00eda una peque\u00f1a mezcladora. Poco a poco fue creciendo la colecci\u00f3n de discos y con ello el gusto por ambientar las fiestas. Fue por ah\u00ed del 2005 cuando comenzaron a surgir las primeras oportunidades para mezclar en escenarios p\u00fablicos y fiestas con una producci\u00f3n m\u00e1s organizada, teniendo la primera tocada oficial en un bar cerca del estadio azteca llamado \u201cViva Villa\u201d. Desde entonces he mezclado en distintos escenarios de varios estados de la republica, en Puebla con el colectivo Skeletal Family, en Toluca con los colectivos Children of the Night y la Familia Eskeleto, en Cuernavaca en eventos organizados por personas de all\u00e1. Por supuesto el DF no ha sido la excepci\u00f3n y he mezclado en diferentes lugares que han tenido una relevancia para la escena, como lo ha sido el extinto Underground donceles 80, el Clandestino, el extinto bar Grotesk, el Madero Red Bar, El Gato Calavera, en una ocasi\u00f3n en el Dada X, entre muchos otros lugares donde se han realizado peque\u00f1os eventos y fiestas&#8230;<\/p>\n<p style=\"text-align: center;\">*************************************************<\/p>\n<p style=\"text-align: center;\"><img loading=\"lazy\" decoding=\"async\" class=\"alignnone size-full wp-image-92\" src=\"http:\/\/theunder.org\/real\/wp-content\/uploads\/2016\/02\/fkr.jpg\" alt=\"fkr\" width=\"120\" height=\"160\" \/><\/p>\n<p style=\"text-align: center;\"><strong>FK_R2<\/strong><\/p>\n<p>\u201cDios bendiga a los gusanos\u201d<\/p>\n<p>DJ FK_R2 (Mejor conocido como Androide Azul FK_R2)<\/p>\n<p>Robot construido en el planeta \u00cdndigo. El modelo FK_R2, primo hermano del famoso R2_D2 de la saga Star Wars (creado por Arturo Alvel\u00e1is, de ah\u00ed su nombre). No s\u00f3lo se limit\u00f3 a imitar la apariencia y conducta humana, tambi\u00e9n quiso imitar sus emociones y vicios, s\u00f3lo que, como androide a\u00fan no ha aprendido a imitar las complejas conductas humanas, por lo cual, emocionalmente se va a los extremos de los sentimientos, sin aprender a balancearlos correctamente, escogiendo el de la melancol\u00eda (de ah\u00ed el gusto por el color azul) y el placer por el acercamiento a sus cong\u00e9neres maquinales. Perdido en este planeta tierra, aparenta ser com\u00fan, tener empat\u00eda con los habitantes de este y mimetizarse en sus espacios y entornos. As\u00ed desarrolla la muy desafortunada profesi\u00f3n de DJ Underground. Con este camuflaje no ha conseguido penetrar en la totalidad de los gustos terrestres, hace evidente que su gusto musical no es popular, y escoge para mezclar g\u00e9neros musicales que s\u00f3lo seres emp\u00e1ticos con \u00e9l logran comprender, y lugares donde s\u00f3lo acudan estos seres que empatan y escuchan el mismo lenguaje musical. El mejor lugar para tener expresi\u00f3n de este complejo gusto musical se llama el Real UnDeR, ah\u00ed FK_R2 tiene amigos similares, produce eventos conceptuales y explaya sin tantas limitaciones sus extensiones musicales.<\/p>\n<p>Gustos grabados y campechaneados que emiten las m\u00e1quinas: Ambient, Dark Ambient, Heavenly Voices, Dark Cabaret, Dream Pop, Synth Pop, New Wave, New Beat, High Energy, EBM Old School, Digital Hard Core, Noise, Break Core, Dubstep, etc.<\/p>\n<p>Comienzos: 1990, al equipo de su madre terrestre (m\u00fasico cantante), conecta clandestinamente su tornamesa del st\u00e9reo a los bafles y consola y raya con la aguja sus primeros cds de vinil. Diez a\u00f1os despu\u00e9s mezcla con st\u00e9reos, decks y discmans canciones grabadas y sampleos de radio en eventos caseros del colectivo de radio libre H99 que \u00e9l mismo fund\u00f3 con otros compa\u00f1eros (ahora Interzonas Inc). Su historial contin\u00faa abarcando diversas fiestas particulares (1999-2005), participa mezclando ya con CD Players en clubes como UTA-Underground (Donceles #80), Dada X, Club \u201cZador\u201d (Cd. Azteca), Caf\u00e9 Bizarro, etc y conciertos masivos con los colectivos RS (Resistencia Subterr\u00e1nea), Goliardos, JRA (J\u00f3venes en Resistencia Alternativa), Revista DARK, etc, en lugares como el Monumento a la Revoluci\u00f3n , Circo Volador, Glorieta de Insurgentes, Magdalena Mixihuca, etc., Ha sido invitado a eventos y club\u2019s en distintos estados de la Rep\u00fablica Mexicana como son Toluca, Puebla, Quer\u00e9taro, Tlaxcala, Veracruz, Oaxaca, Michoac\u00e1n, etc. Destacan las invitaciones en los eventos Viva Glam , Baile de M\u00e1scaras, Mera Tuna, Military Fashion en diversas ocasiones y las invitaciones al concierto de Dulce Liquido en Puebla, Gorgonas en Quer\u00e9taro, presentaci\u00f3n del CD Tonalpohualli 13 en la Cineteca Nacional y Oaxaca entre otras. (2005-2011). Se ha divertido como enano, no como androide, ha bebido mucha cerveza y oxidado algunos circuitos, ha llenado pistas y vaciado otras, ha armado slams que han acabado en golpizas y ha dormido a gente con sus sets ambientales. Ha ganado almas, cervezas y mentadas, Como vivencias mas enriquecedoras resalta el haber convivido e intercambiado experiencias con colectivos sociales y art\u00edsticos y productoras como Ovejas El\u00e9ctricas, Radio Zapote, La Voladora Radio, Resistencia Subterr\u00e1nea, Interzonas Incorporadas, J\u00f3venes en Resistencia Alternativa,, Staff Real Under, Binaria, Techno Club M\u00e9xico, Editorial Sangre y Cenizas, La Sangre de la Musas, \u00c1ngeles sin Alas (Chalco), Black Army (Quer\u00e9taro),Tres Tristes Brujas (Cd. Mendoza, Veracruz), LiProAl (Atlixco, Puebla), Luna Roja (Oaxaca), Cultura y Contra (Izcalli), Ambient M\u00e9xico, Children of the Night, (Toluca), Calrimondos (Morelia, Mich), etc, con algunos de ellos ha consolidado amistad y con otros pocos se ha enemistado.<\/p>\n<p>Ha realizado actividades alternas entorno a la figura del DJ como producir y participar en programas de radio, conferencias, articulista, tallerista, tesis, etc. Destacan participaciones en radios institucionales y comunitarias del pa\u00eds, en escuelas de nivel medio superior, superior, museos, centro culturales, medios de comunicaci\u00f3n independientes y privados tales como La Voladora La Pir\u00e1me, Neza Radio, Radio Guadalupe, CCH Oriente, CCH Vallejo, Museo del Ferrocarril, Centro Cultural Espa\u00f1a, Radio Ciudadana 1350 AM, Radio Educaci\u00f3n 1060 AM, UAM-Xochimilco con la revista Cl\u00f3n y Radio Cueyatl FMU, Universidad Chapingo, UACM Cuautepec, Festivales oscuros en Chalco, Feria del Libro del Z\u00f3calo, Carpe Noctem Radio UNAM; Di\u00e1logos en Confianza Once TV; Esquizofrenia Canal 22,Teatro de las Animas, Radio BUAP; Tribus Urbanas Canal 40, revista DARK, Legi\u00f3n, Revista del Tianguis Cultural del Chopo, El Espantap\u00e1jaros Radio, Centro Cultural Multidisciplinario el Caset\u00f3n, Multiforo Cultural 246, etc. En unas ha sido ovacionado, vuelto a invitar, en otras abucheado cibern\u00e9ticamente o ni lo han pelado ni agradecido.<\/p>\n<p>Como productor de conciertos y actividades culturales destacan las producciones Enso\u00f1aciones Et\u00e9reas, Actos Xtremos, Ninfas del Metal, Metalurgia, A\u00f1os de Nostalgia, Visual Matsuri (co), Rugidos de F\u00e1bricas, ATR_RMX, Yin-Yang, Japanese Bodies, Festival Sint\u00e9tico Futuro, Videotronik, GEO, \u00c9bano, Plan B, \u00c1rabeat, TANZEN!, Nueva Sangre, etc. Unas se han repetido hasta m\u00e1s de 5 veces, otras ni valen la pena mencionarlas. En estos eventos ha contado con la participaci\u00f3n de DJ\u2019s que pertenecen a colectivos como Techno Club M\u00e9xico, Ruido MX, Interzonas Incorporadas, FEM, EBM Elite, EBM Old School M\u00e9xico, etc.<\/p>\n<p>Actualmente (2011) FK_R2 se mantiene con los mismo g\u00e9neros mezclados y su creador da pie a otro personaje llamado DJ KAMA_ZOTZ, el cual no lo sustituye, s\u00f3lo lo clona con otra imagen m\u00e1s oscura, pero se desmarca del prototipo anterior mezclando de una forma m\u00e1s profesional g\u00e9neros tan diversos como m\u00fasica \u00e1rabe, ind\u00fa, japonesa, etc con electr\u00f3nica variada. Este otro ente es la base DJ del proyecto CYBHARA, que mezcla el baile, la cultura cyber y la m\u00fasica de diferentes culturas.<\/p>\n<p>Su frase favorita : \u201cDios bendiga a los gusanos\u201d<\/p>\n<p style=\"text-align: center;\">*************************************************<\/p>\n<p style=\"text-align: center;\"><img loading=\"lazy\" decoding=\"async\" class=\"alignnone size-medium wp-image-93\" src=\"http:\/\/theunder.org\/real\/wp-content\/uploads\/2016\/02\/mercy-under-236x300.jpg\" alt=\"mercy under\" width=\"236\" height=\"300\" srcset=\"http:\/\/theunder.org\/real\/wp-content\/uploads\/2016\/02\/mercy-under-236x300.jpg 236w, http:\/\/theunder.org\/real\/wp-content\/uploads\/2016\/02\/mercy-under-393x500.jpg 393w, http:\/\/theunder.org\/real\/wp-content\/uploads\/2016\/02\/mercy-under.jpg 449w\" sizes=\"auto, (max-width: 236px) 100vw, 236px\" \/><\/p>\n<p style=\"text-align: center;\"><strong>MERCY<\/strong><\/p>\n<p>Trato de dar a conocer atravez de mis presentaciones&#8230;<\/p>\n<p>&#8230;parte de los sonidos ke han dado forma ala cultura del underground ,facinado por el death rock el gotic rock el punk, post-punk , electro visual etc. \u201cCu\u00e1ndo estoy detr\u00e1s de la mexkladora la gente propone la noche , la diversi\u00f3n ,la locura, y\u00f3&#8230;. solo pulso un bot\u00f3n ,participo en algunos eventos en la ciudad ,estos realizados en club\u2019s ,bodegas, bares , y donde sea konbokado para ello , eh tenido participaci\u00f3n en algunos puntos del pais tales komo : Cuernavaca, Veracruz , puebla , tlaxcala, Toluca, Guadalajara ,Michoac\u00e1n ,monterrey,akapulko,etc.<\/p>\n<p style=\"text-align: center;\">*************************************************<\/p>\n<p style=\"text-align: center;\"><img loading=\"lazy\" decoding=\"async\" class=\"alignnone size-full wp-image-90\" src=\"http:\/\/theunder.org\/real\/wp-content\/uploads\/2016\/02\/ahuner2.jpg\" alt=\"ahuner2\" width=\"180\" height=\"122\" \/><\/p>\n<p style=\"text-align: center;\"><strong>AHUNER<\/strong><\/p>\n<p style=\"text-align: center;\">Dj , productor y segundo presidente de Techno club M\u00e9xico, participando en diversos antros dentro y fuera de la ciudad de M\u00e9xico ex UNDERGROUND (ubicado en donceles) fuzz club, dada x, club bizarro, xuarx club, tisha club, tropi rock, el underground, bar carmila, hotel virrelles,<br \/>\nTarara, museo del chopo, ex teresa, patrick miller club, uranium club,\u00a0 tacuba 81, por mencionar algunos.<br \/>\nTambien ha participado con integrantes de diversos colectivos, sector control music, necro producciones, psicho producciones, el orden del sister, soda producciones, brujas dark, Cid Project, gorgonas, virtual society, luxo. Triste macrina, bat cave, industries producciones, etc.\u2026.<\/p>\n<p>Al igual que en grandes eventos como: sonica masiva, baile de mascaras, expo techno, viva glam por mencionar algunos<br \/>\nPerfil<\/p>\n<p>Para empezar Ahuner es mi nobre, ni es el nombre de un grupo de electro como algunos compa\u00f1eros dj,s lo hacen ni es el nombre de algo que me cause una idea en particular solo soy yo; Ahuner y me gusta mi nombre, estoy orgulloso de ser\u00a0 miembro de techno club mexico, mi fin como dj. siempre ser\u00e1 impulsar la escena underground con la m\u00fasica que pic\u00f3 o mezclo, al igual que apoyar a mis camaradas\u00a0 dj,s colectivos, artistas etc. que tengan el mismo \u00edmpetu,\u00a0 para as\u00ed hacer un gran movimiento underground,\u00a0 mi concepto musical, mas que nada es la m\u00fasica electro desde el<br \/>\nHi energy, el new beat, que tanto me ense\u00f1o, pasando<br \/>\npor el industrial , sinthpop,\u00a0 future pop, por mencionar algunos, hasta lo mas estridente como el power noise y el digital hard core (para todo hay gustos ), \u201c \u00a1rechazo la idea del elitismo dentro de la escena! \u201d &#8230;&#8230;. es una pendejada hacer una separaci\u00f3n de quien es mas o quien es menos dentro de la escena por que nuestro movimiento es diferente a lo que aberramos,\u00a0\u00a0\u00a0 me siento orgulloso de pertenecer a un grupo de personas que eligieron este estilo de vida , \u2026\u2026y no otra \u2026\u2026..<\/p>\n<p style=\"text-align: center;\">***************************************************<\/p>\n<p style=\"text-align: center;\"><img loading=\"lazy\" decoding=\"async\" class=\"alignnone size-full wp-image-94\" src=\"http:\/\/theunder.org\/real\/wp-content\/uploads\/2016\/02\/witch2.jpg\" alt=\"witch2\" width=\"220\" height=\"165\" srcset=\"http:\/\/theunder.org\/real\/wp-content\/uploads\/2016\/02\/witch2.jpg 220w, http:\/\/theunder.org\/real\/wp-content\/uploads\/2016\/02\/witch2-175x131.jpg 175w\" sizes=\"auto, (max-width: 220px) 100vw, 220px\" \/><\/p>\n<p style=\"text-align: center;\"><strong>WITCH<\/strong><\/p>\n<p>Del inframundo sonidos,industriales,ebm,cyber punk,tekno,future,synthpop,hasta llegar alas maximas expreciones de la musica hecha con makinas,power noize,break core etc\u2026<\/p>\n","protected":false},"excerpt":{"rendered":"<p>CHRISTIAN FIEND La historia comienza hace aproximadamente en el 2003&#8230; &#8230;La escena underground estaba en un apogeo glorioso, apenas un par de a\u00f1os atr\u00e1s, espacios como el extinto underground donceles <a href=\"http:\/\/theunder.org\/real\/djs-invitados\/\" class=\"more-link\">[&hellip;]<\/a><\/p>\n","protected":false},"author":2,"featured_media":0,"parent":0,"menu_order":4,"comment_status":"closed","ping_status":"closed","template":"","meta":{"Layout":"","footnotes":""},"class_list":["entry","author-lola","post-89","page","type-page","status-publish"],"_links":{"self":[{"href":"http:\/\/theunder.org\/real\/wp-json\/wp\/v2\/pages\/89","targetHints":{"allow":["GET"]}}],"collection":[{"href":"http:\/\/theunder.org\/real\/wp-json\/wp\/v2\/pages"}],"about":[{"href":"http:\/\/theunder.org\/real\/wp-json\/wp\/v2\/types\/page"}],"author":[{"embeddable":true,"href":"http:\/\/theunder.org\/real\/wp-json\/wp\/v2\/users\/2"}],"replies":[{"embeddable":true,"href":"http:\/\/theunder.org\/real\/wp-json\/wp\/v2\/comments?post=89"}],"version-history":[{"count":2,"href":"http:\/\/theunder.org\/real\/wp-json\/wp\/v2\/pages\/89\/revisions"}],"predecessor-version":[{"id":96,"href":"http:\/\/theunder.org\/real\/wp-json\/wp\/v2\/pages\/89\/revisions\/96"}],"wp:attachment":[{"href":"http:\/\/theunder.org\/real\/wp-json\/wp\/v2\/media?parent=89"}],"curies":[{"name":"wp","href":"https:\/\/api.w.org\/{rel}","templated":true}]}}